{"id":120376,"date":"2019-09-30T14:02:00","date_gmt":"2019-09-30T12:02:00","guid":{"rendered":"http:\/\/localhost\/fundsdevmoo\/who-we-are\/"},"modified":"2026-02-25T11:28:59","modified_gmt":"2026-02-25T10:28:59","slug":"quienes-somos-2","status":"publish","type":"page","link":"https:\/\/www.fundssociety.com\/es\/quienes-somos-2\/","title":{"rendered":"Qui\u00e9nes somos"},"content":{"rendered":"<p><strong><span style=\"vertical-align: inherit;\"><span style=\"vertical-align: inherit;\">ADDRESS<\/span><\/span><\/strong><\/p>\n<p><img decoding=\"async\" src=\"https:\/\/www.fundssociety.com\/sites\/default\/files\/inline-images\/alicia-jimenez_2.png\" alt=\"Alicia Jimenez de la Riva\" data-entity-type=\"file\" data-entity-uuid=\"36b3aa6c-21f0-4137-b36d-1b4f4d5d491c\" \/><\/p>\n<p><strong><span style=\"vertical-align: inherit;\"><span style=\"vertical-align: inherit;\">Alicia Jim\u00e9nez de la Riva<\/span><\/span><\/strong><span style=\"vertical-align: inherit;\"><span style=\"vertical-align: inherit;\"> , <\/span><\/span><strong><span style=\"vertical-align: inherit;\"><span style=\"vertical-align: inherit;\">executive partner and director<\/span><\/span><\/strong><span style=\"vertical-align: inherit;\"><span style=\"vertical-align: inherit;\"> , has thirteen years of experience in the European financial sector, where she worked for various banks in Madrid before moving to Miami, where she created and directed Funds Americas from 2010 to 2012. Prior to that, she worked for nine years as director of analysis for the online bank Self Bank (Societ\u00e9 G\u00e9n\u00e9rale Group and La Caixa), a financial institution whose management team she was part of from its founding in 2000 until 2009. Prior to that, she worked for four years as an equity analyst at the Banif asset management company and at the Banco Santander securities firm.<\/span><\/span><\/p>\n<p><span style=\"vertical-align: inherit;\"><span style=\"vertical-align: inherit;\">alicia.jimenez@fundssociety.com<\/span><\/span><\/p>\n<p><strong><img decoding=\"async\" src=\"https:\/\/www.fundssociety.com\/sites\/default\/files\/inline-images\/elena-santiso_1.png\" alt=\"Elena Santiso\" data-entity-type=\"file\" data-entity-uuid=\"592d047a-261c-47f3-b496-12a87eeccc6d\" \/><\/strong><\/p>\n<p><strong><span style=\"vertical-align: inherit;\"><span style=\"vertical-align: inherit;\">Elena Santiso<\/span><\/span><\/strong><span style=\"vertical-align: inherit;\"><span style=\"vertical-align: inherit;\"> , <\/span><\/span><strong><span style=\"vertical-align: inherit;\"><span style=\"vertical-align: inherit;\">Executive Partner and Commercial and Business Director<\/span><\/span><\/strong><span style=\"vertical-align: inherit;\"><span style=\"vertical-align: inherit;\"> , has more than 10 years of experience in the financial sector in both Spain and the United States. She began her professional career in management in the Investment Department of Banco Santander. She also worked at N+1 as a portfolio manager and at Credit Agricole in institutional sales. She has lived in Miami for several years, where before joining the Funds Americas project in 2011 as Content Director, she worked managing portfolios of Spanish and Latin American private clients at PRS, a family office member of EFG International.<\/span><\/span><\/p>\n<p><span style=\"vertical-align: inherit;\"><span style=\"vertical-align: inherit;\">elena.santiso@fundssociety.com<\/span><\/span><\/p>\n<p><strong><span style=\"vertical-align: inherit;\"><span style=\"vertical-align: inherit;\">DRAFTING<\/span><\/span><\/strong><\/p>\n<p><img decoding=\"async\" src=\"https:\/\/www.fundssociety.com\/sites\/default\/files\/inline-images\/alicia-miguel_1.png\" alt=\"Alicia Miguel Serrano\" data-entity-type=\"file\" data-entity-uuid=\"107e344f-7222-485f-81ed-471c81f39aef\" \/><\/p>\n<p dir=\"ltr\"><strong><span style=\"vertical-align: inherit;\"><span style=\"vertical-align: inherit;\">Alicia Miguel Serrano<\/span><\/span><\/strong><span style=\"vertical-align: inherit;\"><span style=\"vertical-align: inherit;\"> , editor-in-chief and head of Funds Society in the Spanish market, has 15 years of experience in the world of economic and financial journalism. She began her career at La Gaceta de los Negocios, where she wrote in the Markets section, and continued at Funds People, where she produced content related to the investment fund industry. She has also collaborated with publications such as Inversi\u00f3n y Finanzas, and produced content for BBVA&#8217;s Mi Jubilaci\u00f3n project. She joined Funds Society in 2013 to develop the content proposal in the Spanish market and has directed the newsletter and magazine in this market since its launch (the first in 2014 and the second in January 2016). She is the coordinator of the global editorial team from the Madrid office, established in 2018, which includes both Funds Society and Futuro a Fondo. She has a degree in journalism from the Complutense University of Madrid and a Master&#8217;s Degree in Economic Information Specialist from the Association of Economic Information Journalists (APIE) and the University of Zaragoza.<\/span><\/span><\/p>\n<p dir=\"ltr\"><span style=\"vertical-align: inherit;\"><span style=\"vertical-align: inherit;\">alicia.miguel@fundssociety.com<\/span><\/span><\/p>\n<p><img decoding=\"async\" src=\"https:\/\/www.fundssociety.com\/sites\/default\/files\/inline-images\/bea_0.png\" alt=\"Beatriz Zuniga\" data-entity-type=\"file\" data-entity-uuid=\"50de0111-a9e9-4623-800e-50740720db7f\" \/><\/p>\n<p dir=\"ltr\"><strong>Beatriz Z\u00fa\u00f1iga<\/strong> es redactora de contenidos globales en Funds Society. Con sede en Madrid, cuenta con m\u00e1s de diez a\u00f1os de experiencia en el periodismo econ\u00f3mico. Ha trabajado en publicaciones como Actualidad Econ\u00f3mica, Expansi\u00f3n, La Gaceta de los Negocios y Revista Dinero. Se licenci\u00f3 en el Centro Universitario Villanueva en 2008, centro adscrito a la Universidad Complutense de Madrid y, entre otras formaciones complementarias, curs\u00f3 el postgrado de formaci\u00f3n econ\u00f3mica Especialista en Informaci\u00f3n Econ\u00f3mica, por la Asociaci\u00f3n de Periodistas de Informaci\u00f3n Econ\u00f3mica (APIE) y la Universidad Internacional Men\u00e9ndez Pelayo (UIMP), en 2015.<\/p>\n<p dir=\"ltr\">beatriz.zuniga@fundssociety.com<\/p>\n<p><img decoding=\"async\" src=\"https:\/\/www.fundssociety.com\/sites\/default\/files\/inline-images\/magda_0.png\" alt=\"Magdalena Martinez Vial\" data-entity-type=\"file\" data-entity-uuid=\"79cce71e-23b9-430b-bafa-2fed7724941a\" \/><\/p>\n<p dir=\"ltr\"><strong>Magdalena Mart\u00ednez Vial<\/strong>, basada en Montevideo, est\u00e1 a cargo de la newsletter para Latinoam\u00e9rica y es directora de la revista en las Am\u00e9ricas. Tiene m\u00e1s de 25 a\u00f1os de experiencia en medios de comunicaci\u00f3n internacionales como El Pa\u00eds, la Agence France Presse (AFP), Radio Francia Internacional (RFI) o Euronews, entre otros. Estudi\u00f3 Periodismo y Comunicaci\u00f3n en la Universidad Libre de Bruselas y es autora del libro-gu\u00eda \u00abMontevideo, la bella durmiente\u00bb.<\/p>\n<p dir=\"ltr\">magdalena.martinez@fundssociety.com<\/p>\n<p>\u00a0<img decoding=\"async\" class=\" size-full wp-image-120366\" src=\"http:\/\/localhost\/fundsdevmoo\/wp-content\/uploads\/2019\/09\/Perfil-Marcelo.jpg\" alt=\"Marcelo Soba\" width=\"104\" height=\"99\" data-entity-type=\"file\" data-entity-uuid=\"73c0107b-11af-4645-853b-def333f9ea5f\" \/><\/p>\n<p dir=\"ltr\"><strong>Marcelo Soba<\/strong> es redactor de contenidos para el negocio de US Offshore y encargado de la newsletter para ese mercado. En sus 12 a\u00f1os de experiencia en periodismo, cinco estuvieron dedicados al periodismo de agencia internacional. Tiene una licenciatura en Comunicaci\u00f3n opci\u00f3n Periodismo por la Universidad ORT de Uruguay y ha cursado estudios b\u00e1sicos en Econom\u00eda en la Universidad de la Rep\u00fablica del Uruguay.<\/p>\n<p dir=\"ltr\">marcelo.soba@fundssociety.com<\/p>\n<p>\u00a0<img decoding=\"async\" class=\" size-full wp-image-120368\" src=\"http:\/\/localhost\/fundsdevmoo\/wp-content\/uploads\/2019\/09\/f4ydxnx4.jpg\" alt=\"Javiera Donoso\" width=\"97\" height=\"97\" data-entity-type=\"file\" data-entity-uuid=\"ed44ede7-dde1-48da-b5cf-3cc40670b0a2\" \/><\/p>\n<p dir=\"ltr\"><strong>Javiera Donoso<\/strong> es una periodista chilena especializada en inversiones y forma parte del equipo de Funds Society como corresponsal para la regi\u00f3n andina. Basada en Santiago de Chile, trabaj\u00f3 cubriendo mercados e industria financiera en distintos medios de prensa especializada del pa\u00eds en los \u00faltimos seis a\u00f1os, con pasos por Estrategia, Pulso (La Tercera) y Diario Financiero. Estudi\u00f3 en la Universidad Cat\u00f3lica de Chile y es autora de la novela \u201cEl pozo\u201d.<\/p>\n<p dir=\"ltr\">javiera.donoso@fundssociety.com<\/p>\n<p><img decoding=\"async\" src=\"https:\/\/www.fundssociety.com\/sites\/default\/files\/inline-images\/gabriela.png\" alt=\"Patricia Julia\" data-entity-type=\"file\" data-entity-uuid=\"886e790f-c322-4f66-b12f-82579c4e7e62\" \/><\/p>\n<p dir=\"ltr\"><strong>Gabriela Huerta<\/strong> es una periodista mexicana especializada en finanzas\u00a0y el mercado latinoamericano de administraci\u00f3n y gesti\u00f3n de activos. Desde 2015 escribe para Funds Society. Durante los dos a\u00f1os previos fue parte del equipo que lanz\u00f3 El Financiero Bloomberg TV, donde se desempe\u00f1aba como analista y presentadora de noticias. Antes de unirse a Bloomberg, fue corresponsal para el mercado mexicano en Funds Society, grupo al que se uni\u00f3 desde su creaci\u00f3n. Anteriormente trabajaba con las fundadoras de Funds Society en Funds Americas, donde empez\u00f3 en agosto de 2011, mientras continuaba como vice\u00a0presidente de operaciones y finanzas en Tacit Knowledge, donde trabaj\u00f3 de 2007 a abril 2012, antes de seguir su sue\u00f1o de convertirse en periodista. Previo a Tacit Knowledge, vivi\u00f3 seis a\u00f1os en Madrid donde trabaj\u00f3 como analista burs\u00e1til en la\u00a0espa\u00f1ola Self Trade Bank, fue parte de un estudio de benchmarking para Banco Santander Central Hispano y se gradu\u00f3 de su MBA en el Instituto de Estudios Burs\u00e1tiles y de Negocios Internacionales en la Universidad de Saint Louis.<\/p>\n<p dir=\"ltr\">gabriela.huerta@fundssociety.com<\/p>\n<p>\u00a0<img decoding=\"async\" class=\" size-full wp-image-120372\" src=\"http:\/\/localhost\/fundsdevmoo\/wp-content\/uploads\/2019\/09\/61yecssd.jpg\" alt=\"Romina Lopez\" width=\"98\" height=\"96\" data-entity-type=\"file\" data-entity-uuid=\"8b66fb08-c483-4f36-b5b1-de548eda7fe1\" \/><\/p>\n<p dir=\"ltr\"><strong>Romina L\u00f3pez La Rosa<\/strong> es redactora de contenidos patrocinados en Funds Society. Est\u00e1 especializada en periodismo econ\u00f3mico y relacionado con temas de ciencia y tecnolog\u00eda desde hace m\u00e1s de 10 a\u00f1os, con colaboraciones en medios como Expansi\u00f3n y en el servicio en espa\u00f1ol de la agencia alemana dpa. En Espa\u00f1a, donde reside desde 1997, fue tambi\u00e9n editora de pol\u00edtica internacional en dpa y realiz\u00f3 coberturas especiales de la agencia como enviada a varios pa\u00edses de Am\u00e9rica Latina, Alemania, Corea del Sur y Australia. Es licenciada en Ciencias de la Comunicaci\u00f3n por la Universidad de Buenos Aires (UBA).<\/p>\n<p dir=\"ltr\">romina.lopez@fundssociety.com<\/p>\n<p><strong>MARKETING<\/strong><\/p>\n<p><img decoding=\"async\" src=\"https:\/\/www.fundssociety.com\/sites\/default\/files\/inline-images\/nazaret.png\" alt=\"Nazareth Mora\" data-entity-type=\"file\" data-entity-uuid=\"2052ab8c-08f8-4db4-9c25-4b8c8050174e\" \/><\/p>\n<p dir=\"ltr\"><strong>Nazaret Mora <\/strong>es la responsable de marketing y publicidad de Funds Society. Con una trayectoria de m\u00e1s de quince a\u00f1os de experiencia vinculada al sector financiero, comenz\u00f3 su desarrollo profesional en la red comercial de entidades bancarias como Barclays Bank. Posteriormente redirigi\u00f3 su carrera al mundo del marketing en 2014 de la mano de AXA IM. Ha colaborado con bancos europeos y revistas financieras nacionales como Funds People, en la que colider\u00f3 la estrategia de transformaci\u00f3n digital del medio. Estudi\u00f3 Derecho y Administraci\u00f3n y Direcci\u00f3n de Empresas en la Universidad Aut\u00f3noma de Madrid.<\/p>\n<p dir=\"ltr\">nazaret.mora@fundssociety.com<\/p>\n<p><img decoding=\"async\" src=\"https:\/\/www.fundssociety.com\/sites\/default\/files\/inline-images\/luis_0.png\" alt=\"Luis Montenegro P\u00e9rez-Moreiras\" data-entity-type=\"file\" data-entity-uuid=\"464e377a-c5c6-42a5-96d1-53fc9d4a94d7\" \/><\/p>\n<p dir=\"ltr\"><strong>Luis Montenegro P\u00e9rez-Moreiras<\/strong> es el community manager de Funds Society y Futuro a Fondo y est\u00e1 a cargo de las redes sociales, el reporting para los patrocinadores de la revista y la base de datos de Funds Society. Tambi\u00e9n colabora con el departamento de marketing. Estudi\u00f3 Sociolog\u00eda en la Universidad Complutense de Madrid.<\/p>\n<p dir=\"ltr\">luis.montenegro@fundssociety.com<\/p>\n<p>\u00a0<img decoding=\"async\" class=\" size-full wp-image-120374\" src=\"http:\/\/localhost\/fundsdevmoo\/wp-content\/uploads\/2019\/09\/MK.png\" alt=\"Madina Kurbanova\" width=\"96\" height=\"135\" data-entity-type=\"file\" data-entity-uuid=\"0708d57d-ff1b-4f09-98f6-247bde354519\" srcset=\"https:\/\/www.fundssociety.com\/wp-content\/uploads\/2019\/09\/MK.png 643w, https:\/\/www.fundssociety.com\/wp-content\/uploads\/2019\/09\/MK-214x300.png 214w\" sizes=\"(max-width: 96px) 100vw, 96px\" \/><\/p>\n<p dir=\"ltr\"><strong><span style=\"vertical-align: inherit;\"><span style=\"vertical-align: inherit;\">Madina Kurbanova<\/span><\/span><\/strong><span style=\"vertical-align: inherit;\"><span style=\"vertical-align: inherit;\"> is a digital marketing specialist with experience working in the media sector in different parts of the world: Central Asia, Europe and the Americas. She is responsible for managing Funds Society&#8217;s online advertising, reporting for the online magazine, implementation of dedicated emails, reporting and analytics for all digital campaigns. She is also in charge of Futuro a Fondo&#8217;s social media.\u00a0 <\/span><\/span><span lang=\"EN-US\"><span style=\"vertical-align: inherit;\"><span style=\"vertical-align: inherit;\">She studied\u00a0<\/span><\/span><\/span><span style=\"vertical-align: inherit;\"><span style=\"vertical-align: inherit;\"> Business Management at the University of Gloucestershire in London and a Master in Digital Marketing at Gade Business School Madrid.<\/span><\/span><\/p>\n<p dir=\"ltr\"><span style=\"vertical-align: inherit;\"><span style=\"vertical-align: inherit;\">madina.kurbanova@fundssociety.com<\/span><\/span><\/p>\n","protected":false},"excerpt":{"rendered":"<p>ADDRESS Alicia Jim\u00e9nez de la Riva , executive partner and director , has thirteen years of experience in the European financial sector, where she worked for various banks in Madrid before moving to Miami, where she created and directed Funds Americas from 2010 to 2012. Prior to that, she worked for nine years as director&hellip;<\/p>\n<p><a class=\"btn btn-primary\" href=\"https:\/\/www.fundssociety.com\/es\/quienes-somos-2\/\">Continuar leyendo <i class=\"fas fa-arrow-right\"><\/i><\/a><\/p>\n","protected":false},"author":1,"featured_media":0,"parent":0,"menu_order":0,"comment_status":"closed","ping_status":"closed","template":"page-templates\/sobre-nosotros.php","meta":{"content-type":"","inline_featured_image":false,"footnotes":""},"acf":[],"yoast_head":"<!-- This site is optimized with the Yoast SEO plugin v24.2 - https:\/\/yoast.com\/wordpress\/plugins\/seo\/ -->\n<title>Qui\u00e9nes somos - Funds Society<\/title>\n<meta name=\"description\" content=\"Funds Society es el punto de encuentro para la industria de productos de inversi\u00f3n offshore en Espa\u00f1a, Am\u00e9rica Latina y Estados Unidos.\" \/>\n<meta name=\"robots\" content=\"index, follow, max-snippet:-1, max-image-preview:large, max-video-preview:-1\" \/>\n<link rel=\"canonical\" href=\"https:\/\/www.fundssociety.com\/es\/quienes-somos-2\/\" \/>\n<meta property=\"og:locale\" content=\"es_ES\" \/>\n<meta property=\"og:type\" content=\"article\" \/>\n<meta property=\"og:title\" content=\"Qui\u00e9nes somos - Funds Society\" \/>\n<meta property=\"og:description\" content=\"Funds Society es el punto de encuentro para la industria de productos de inversi\u00f3n offshore en Espa\u00f1a, Am\u00e9rica Latina y Estados Unidos.\" \/>\n<meta property=\"og:url\" content=\"https:\/\/www.fundssociety.com\/es\/quienes-somos-2\/\" \/>\n<meta property=\"og:site_name\" content=\"Funds Society\" \/>\n<meta property=\"article:modified_time\" content=\"2026-02-25T10:28:59+00:00\" \/>\n<meta property=\"og:image\" content=\"https:\/\/www.fundssociety.com\/sites\/default\/files\/inline-images\/alicia-jimenez_2.png\" \/>\n<meta name=\"twitter:card\" content=\"summary_large_image\" \/>\n<meta name=\"twitter:label1\" content=\"Tiempo de lectura\" \/>\n\t<meta name=\"twitter:data1\" content=\"8 minutos\" \/>\n<script type=\"application\/ld+json\" class=\"yoast-schema-graph\">{\"@context\":\"https:\/\/schema.org\",\"@graph\":[{\"@type\":\"WebPage\",\"@id\":\"https:\/\/www.fundssociety.com\/es\/quienes-somos-2\/\",\"url\":\"https:\/\/www.fundssociety.com\/es\/quienes-somos-2\/\",\"name\":\"Qui\u00e9nes somos - Funds Society\",\"isPartOf\":{\"@id\":\"https:\/\/www.fundssociety.com\/en\/#website\"},\"primaryImageOfPage\":{\"@id\":\"https:\/\/www.fundssociety.com\/es\/quienes-somos-2\/#primaryimage\"},\"image\":{\"@id\":\"https:\/\/www.fundssociety.com\/es\/quienes-somos-2\/#primaryimage\"},\"thumbnailUrl\":\"https:\/\/www.fundssociety.com\/sites\/default\/files\/inline-images\/alicia-jimenez_2.png\",\"datePublished\":\"2019-09-30T12:02:00+00:00\",\"dateModified\":\"2026-02-25T10:28:59+00:00\",\"description\":\"Funds Society es el punto de encuentro para la industria de productos de inversi\u00f3n offshore en Espa\u00f1a, Am\u00e9rica Latina y Estados Unidos.\",\"breadcrumb\":{\"@id\":\"https:\/\/www.fundssociety.com\/es\/quienes-somos-2\/#breadcrumb\"},\"inLanguage\":\"es\",\"potentialAction\":[{\"@type\":\"ReadAction\",\"target\":[\"https:\/\/www.fundssociety.com\/es\/quienes-somos-2\/\"]}]},{\"@type\":\"ImageObject\",\"inLanguage\":\"es\",\"@id\":\"https:\/\/www.fundssociety.com\/es\/quienes-somos-2\/#primaryimage\",\"url\":\"https:\/\/www.fundssociety.com\/sites\/default\/files\/inline-images\/alicia-jimenez_2.png\",\"contentUrl\":\"https:\/\/www.fundssociety.com\/sites\/default\/files\/inline-images\/alicia-jimenez_2.png\"},{\"@type\":\"BreadcrumbList\",\"@id\":\"https:\/\/www.fundssociety.com\/es\/quienes-somos-2\/#breadcrumb\",\"itemListElement\":[{\"@type\":\"ListItem\",\"position\":1,\"name\":\"Portada\",\"item\":\"https:\/\/www.fundssociety.com\/en\/\"},{\"@type\":\"ListItem\",\"position\":2,\"name\":\"Qui\u00e9nes somos\"}]},{\"@type\":\"WebSite\",\"@id\":\"https:\/\/www.fundssociety.com\/en\/#website\",\"url\":\"https:\/\/www.fundssociety.com\/en\/\",\"name\":\"Funds Society\",\"description\":\"Punto de encuentro para la industria de Asset y Wealth Management\",\"publisher\":{\"@id\":\"https:\/\/www.fundssociety.com\/en\/#organization\"},\"potentialAction\":[{\"@type\":\"SearchAction\",\"target\":{\"@type\":\"EntryPoint\",\"urlTemplate\":\"https:\/\/www.fundssociety.com\/en\/?s={search_term_string}\"},\"query-input\":{\"@type\":\"PropertyValueSpecification\",\"valueRequired\":true,\"valueName\":\"search_term_string\"}}],\"inLanguage\":\"es\"},{\"@type\":\"Organization\",\"@id\":\"https:\/\/www.fundssociety.com\/en\/#organization\",\"name\":\"Funds Society\",\"url\":\"https:\/\/www.fundssociety.com\/en\/\",\"logo\":{\"@type\":\"ImageObject\",\"inLanguage\":\"es\",\"@id\":\"https:\/\/www.fundssociety.com\/en\/#\/schema\/logo\/image\/\",\"url\":\"https:\/\/www.fundssociety.com\/wp-content\/uploads\/2022\/06\/logo.svg\",\"contentUrl\":\"https:\/\/www.fundssociety.com\/wp-content\/uploads\/2022\/06\/logo.svg\",\"width\":355,\"height\":66,\"caption\":\"Funds Society\"},\"image\":{\"@id\":\"https:\/\/www.fundssociety.com\/en\/#\/schema\/logo\/image\/\"}}]}<\/script>\n<!-- \/ Yoast SEO plugin. -->","yoast_head_json":{"title":"Qui\u00e9nes somos - Funds Society","description":"Funds Society es el punto de encuentro para la industria de productos de inversi\u00f3n offshore en Espa\u00f1a, Am\u00e9rica Latina y Estados Unidos.","robots":{"index":"index","follow":"follow","max-snippet":"max-snippet:-1","max-image-preview":"max-image-preview:large","max-video-preview":"max-video-preview:-1"},"canonical":"https:\/\/www.fundssociety.com\/es\/quienes-somos-2\/","og_locale":"es_ES","og_type":"article","og_title":"Qui\u00e9nes somos - Funds Society","og_description":"Funds Society es el punto de encuentro para la industria de productos de inversi\u00f3n offshore en Espa\u00f1a, Am\u00e9rica Latina y Estados Unidos.","og_url":"https:\/\/www.fundssociety.com\/es\/quienes-somos-2\/","og_site_name":"Funds Society","article_modified_time":"2026-02-25T10:28:59+00:00","og_image":[{"url":"https:\/\/www.fundssociety.com\/sites\/default\/files\/inline-images\/alicia-jimenez_2.png","type":"","width":"","height":""}],"twitter_card":"summary_large_image","twitter_misc":{"Tiempo de lectura":"8 minutos"},"schema":{"@context":"https:\/\/schema.org","@graph":[{"@type":"WebPage","@id":"https:\/\/www.fundssociety.com\/es\/quienes-somos-2\/","url":"https:\/\/www.fundssociety.com\/es\/quienes-somos-2\/","name":"Qui\u00e9nes somos - Funds Society","isPartOf":{"@id":"https:\/\/www.fundssociety.com\/en\/#website"},"primaryImageOfPage":{"@id":"https:\/\/www.fundssociety.com\/es\/quienes-somos-2\/#primaryimage"},"image":{"@id":"https:\/\/www.fundssociety.com\/es\/quienes-somos-2\/#primaryimage"},"thumbnailUrl":"https:\/\/www.fundssociety.com\/sites\/default\/files\/inline-images\/alicia-jimenez_2.png","datePublished":"2019-09-30T12:02:00+00:00","dateModified":"2026-02-25T10:28:59+00:00","description":"Funds Society es el punto de encuentro para la industria de productos de inversi\u00f3n offshore en Espa\u00f1a, Am\u00e9rica Latina y Estados Unidos.","breadcrumb":{"@id":"https:\/\/www.fundssociety.com\/es\/quienes-somos-2\/#breadcrumb"},"inLanguage":"es","potentialAction":[{"@type":"ReadAction","target":["https:\/\/www.fundssociety.com\/es\/quienes-somos-2\/"]}]},{"@type":"ImageObject","inLanguage":"es","@id":"https:\/\/www.fundssociety.com\/es\/quienes-somos-2\/#primaryimage","url":"https:\/\/www.fundssociety.com\/sites\/default\/files\/inline-images\/alicia-jimenez_2.png","contentUrl":"https:\/\/www.fundssociety.com\/sites\/default\/files\/inline-images\/alicia-jimenez_2.png"},{"@type":"BreadcrumbList","@id":"https:\/\/www.fundssociety.com\/es\/quienes-somos-2\/#breadcrumb","itemListElement":[{"@type":"ListItem","position":1,"name":"Portada","item":"https:\/\/www.fundssociety.com\/en\/"},{"@type":"ListItem","position":2,"name":"Qui\u00e9nes somos"}]},{"@type":"WebSite","@id":"https:\/\/www.fundssociety.com\/en\/#website","url":"https:\/\/www.fundssociety.com\/en\/","name":"Funds Society","description":"Punto de encuentro para la industria de Asset y Wealth Management","publisher":{"@id":"https:\/\/www.fundssociety.com\/en\/#organization"},"potentialAction":[{"@type":"SearchAction","target":{"@type":"EntryPoint","urlTemplate":"https:\/\/www.fundssociety.com\/en\/?s={search_term_string}"},"query-input":{"@type":"PropertyValueSpecification","valueRequired":true,"valueName":"search_term_string"}}],"inLanguage":"es"},{"@type":"Organization","@id":"https:\/\/www.fundssociety.com\/en\/#organization","name":"Funds Society","url":"https:\/\/www.fundssociety.com\/en\/","logo":{"@type":"ImageObject","inLanguage":"es","@id":"https:\/\/www.fundssociety.com\/en\/#\/schema\/logo\/image\/","url":"https:\/\/www.fundssociety.com\/wp-content\/uploads\/2022\/06\/logo.svg","contentUrl":"https:\/\/www.fundssociety.com\/wp-content\/uploads\/2022\/06\/logo.svg","width":355,"height":66,"caption":"Funds Society"},"image":{"@id":"https:\/\/www.fundssociety.com\/en\/#\/schema\/logo\/image\/"}}]}},"_links":{"self":[{"href":"https:\/\/www.fundssociety.com\/es\/wp-json\/wp\/v2\/pages\/120376"}],"collection":[{"href":"https:\/\/www.fundssociety.com\/es\/wp-json\/wp\/v2\/pages"}],"about":[{"href":"https:\/\/www.fundssociety.com\/es\/wp-json\/wp\/v2\/types\/page"}],"author":[{"embeddable":true,"href":"https:\/\/www.fundssociety.com\/es\/wp-json\/wp\/v2\/users\/1"}],"replies":[{"embeddable":true,"href":"https:\/\/www.fundssociety.com\/es\/wp-json\/wp\/v2\/comments?post=120376"}],"version-history":[{"count":20,"href":"https:\/\/www.fundssociety.com\/es\/wp-json\/wp\/v2\/pages\/120376\/revisions"}],"predecessor-version":[{"id":295775,"href":"https:\/\/www.fundssociety.com\/es\/wp-json\/wp\/v2\/pages\/120376\/revisions\/295775"}],"wp:attachment":[{"href":"https:\/\/www.fundssociety.com\/es\/wp-json\/wp\/v2\/media?parent=120376"}],"curies":[{"name":"wp","href":"https:\/\/api.w.org\/{rel}","templated":true}]}}